{"id":5,"date":"2015-04-14T17:26:12","date_gmt":"2015-04-14T17:26:12","guid":{"rendered":"http:\/\/impreza2.us-themes.com\/?page_id=5"},"modified":"2021-02-01T18:35:42","modified_gmt":"2021-02-01T18:35:42","slug":"home","status":"publish","type":"page","link":"https:\/\/ibanan.es\/","title":{"rendered":"Home"},"content":{"rendered":"<section class=\"l-section wpb_row us_custom_93267f78 height_medium full_height valign_center color_secondary with_img\" id=\"home\"><div class=\"l-section-img\" role=\"img\" aria-label=\"Imatge\" data-img-width=\"1600\" data-img-height=\"900\" style=\"background-image: url(https:\/\/ibanan.es\/wp-content\/uploads\/2015\/04\/IBANANhom2-1.jpg);\"><\/div><div class=\"l-section-overlay\" style=\"background:rgba(0,0,0,0.6)\"><\/div><div class=\"l-section-h i-cf\"><div class=\"g-cols vc_row via_flex valign_top type_default stacking_default\"><div class=\"vc_col-sm-12 wpb_column vc_column_container align_center\"><div class=\"vc_column-inner\"><div class=\"wpb_wrapper\"><div class=\"w-image align_none us_animate_afr\"><div class=\"w-image-h\"><img decoding=\"async\" width=\"300\" height=\"60\" src=\"https:\/\/ibanan.es\/wp-content\/uploads\/2015\/04\/IBANAN-Logo-300x60.png\" class=\"attachment-medium size-medium\" alt=\"\" loading=\"lazy\" srcset=\"https:\/\/ibanan.es\/wp-content\/uploads\/2015\/04\/IBANAN-Logo-300x60.png 300w, https:\/\/ibanan.es\/wp-content\/uploads\/2015\/04\/IBANAN-Logo-768x153.png 768w, https:\/\/ibanan.es\/wp-content\/uploads\/2015\/04\/IBANAN-Logo-1024x204.png 1024w, https:\/\/ibanan.es\/wp-content\/uploads\/2015\/04\/IBANAN-Logo-500x100.png 500w\" sizes=\"auto, (max-width: 300px) 100vw, 300px\" \/><\/div><\/div>[vc_custom_heading text=&#8221;Reparaci\u00f3 i Manteniment industrial&#8221; font_container=&#8221;tag:h3|font_size:3rem|text_align:center|line_height:1.1&#8243; use_theme_fonts=&#8221;yes&#8221; css=&#8221;%7B%22default%22%3A%7B%22font-size%22%3A%223rem%22%2C%22line-height%22%3A%221.1%22%7D%7D&#8221;]<div class=\"w-separator size_medium\"><\/div><div class=\"w-btn-wrapper align_none\"><a class=\"w-btn us-btn-style_1 us_custom_80a192e9\" href=\"#presentacio\"><span class=\"w-btn-label\">Presentaci\u00f3<\/span><\/a><\/div><div class=\"w-btn-wrapper align_none\"><a class=\"w-btn us-btn-style_1 us_custom_80a192e9\" href=\"#serveis\"><span class=\"w-btn-label\">Serveis<\/span><\/a><\/div><div class=\"w-btn-wrapper align_none\"><a class=\"w-btn us-btn-style_1 us_custom_80a192e9\" href=\"#contacte\"><span class=\"w-btn-label\">Contacte<\/span><\/a><\/div><div class=\"w-separator size_medium\"><\/div><\/div><\/div><\/div><\/div><\/div><\/section><section class=\"l-section wpb_row height_medium\" id=\"presentacio\"><div class=\"l-section-h i-cf\"><div class=\"g-cols vc_row via_flex valign_top type_default stacking_default\"><div class=\"vc_col-sm-12 wpb_column vc_column_container\"><div class=\"vc_column-inner\"><div class=\"wpb_wrapper\"><div class=\"w-separator size_large\"><\/div><div class=\"wpb_text_column\"><div class=\"wpb_wrapper\"><h1 style=\"text-align: center;\"><strong>M\u00e9s de 15 anys d&#8217;experi\u00e8ncia en el sector de la Reparaci\u00f3 i Manteniment Industrial<\/strong><\/h1>\n<\/div><\/div><div class=\"w-separator size_large\"><\/div><div class=\"w-separator size_medium with_line width_30 thick_1 style_solid color_border align_center with_content\"><div class=\"w-separator-h\"><i class=\"fas fa-chevron-down\"><\/i><\/div><\/div><div class=\"g-cols wpb_row via_flex valign_top type_default stacking_default\"><div class=\"vc_col-sm-6 wpb_column vc_column_container us_animate_afb\"><div class=\"vc_column-inner\"><div class=\"wpb_wrapper\"><div class=\"wpb_text_column\"><div class=\"wpb_wrapper\"><h4><strong><span style=\"color: #277cea;\">Reparaci\u00f3 Industrial<\/span><\/strong><\/h4>\n<p>Oferim als nostres clients un servei integral, amb la m\u00e0xima qualitat i en el menor temps possible d&#8217;execuci\u00f3. Aix\u00ed els costos de l&#8217;improductivitat derivats de l&#8217;avaria seran els m\u00ednims.<\/p>\n<div id=\"gtx-trans\" style=\"position: absolute; left: -93px; top: -18px;\">\n<div class=\"gtx-trans-icon\"><\/div>\n<\/div>\n<\/div><\/div><\/div><\/div><\/div><div class=\"vc_col-sm-6 wpb_column vc_column_container us_animate_afb\"><div class=\"vc_column-inner\"><div class=\"wpb_wrapper\"><div class=\"wpb_text_column\"><div class=\"wpb_wrapper\"><h4><strong><span style=\"color: #277cea;\">Manteniment Preventiu<\/span><\/strong><\/h4>\n<p>Servei de revisions peri\u00f2diques i planificaci\u00f3 programada d&#8217;intervencions per prevenir possibles avaries i aix\u00ed aconseguir una reducci\u00f3 d&#8217;incid\u00e8ncies.<\/p>\n<div id=\"gtx-trans\" style=\"position: absolute; left: -17px; top: -18px;\">\n<div class=\"gtx-trans-icon\"><\/div>\n<\/div>\n<\/div><\/div><\/div><\/div><\/div><\/div><\/div><\/div><\/div><\/div><\/div><\/section><section class=\"l-section wpb_row us_custom_f37aca33 height_huge with_img parallax_ver\" id=\"about\"><div class=\"l-section-img\" role=\"img\" aria-label=\"Imatge\" data-img-width=\"1600\" data-img-height=\"900\" style=\"background-image: url(https:\/\/ibanan.es\/wp-content\/uploads\/2015\/04\/IBANANpneumatica.jpg);\"><\/div><div class=\"l-section-overlay\" style=\"background:rgba(0,0,0,0.6)\"><\/div><div class=\"l-section-h i-cf\"><div class=\"g-cols vc_row via_flex valign_top type_default stacking_default\"><div class=\"vc_col-sm-12 wpb_column vc_column_container align_center us_animate_afb\"><div class=\"vc_column-inner\"><div class=\"wpb_wrapper\"><div class=\"wpb_text_column\"><div class=\"wpb_wrapper\"><\/div><\/div><div class=\"w-separator size_medium\"><\/div><\/div><\/div><\/div><\/div><\/div><\/section><section class=\"l-section wpb_row height_medium color_alternate\" id=\"serveis\"><div class=\"l-section-h i-cf\"><div class=\"g-cols vc_row via_flex valign_top type_default stacking_default\"><div class=\"vc_col-sm-12 wpb_column vc_column_container\"><div class=\"vc_column-inner\"><div class=\"wpb_wrapper\"><div class=\"wpb_text_column\"><div class=\"wpb_wrapper\"><h2 style=\"text-align: center;\"><strong><span class=\"highlight highlight_primary\">Els Nostres<\/span> SERVEIS<\/strong><\/h2>\n<\/div><\/div><\/div><\/div><\/div><\/div><\/div><\/section><section class=\"l-section wpb_row height_medium\"><div class=\"l-section-h i-cf\"><div class=\"g-cols vc_row via_flex valign_top type_default stacking_default\"><div class=\"vc_col-sm-12 wpb_column vc_column_container\"><div class=\"vc_column-inner\"><div class=\"wpb_wrapper\"><div class=\"w-separator size_large\"><\/div><div class=\"wpb_text_column\"><div class=\"wpb_wrapper\"><h2 style=\"text-align: center;\"><strong>Serveis de Reparaci\u00f3 i Manteniment Industrial<\/strong><\/h2>\n<\/div><\/div><div class=\"w-separator size_large\"><\/div><div class=\"wpb_text_column\"><div class=\"wpb_wrapper\"><\/div><\/div><div class=\"w-separator size_medium with_line width_30 thick_1 style_solid color_border align_center with_content\"><div class=\"w-separator-h\"><i class=\"fas fa-chevron-down\"><\/i><\/div><\/div><div class=\"g-cols wpb_row via_flex valign_top type_default stacking_default\"><div class=\"vc_col-sm-4 wpb_column vc_column_container us_animate_afb\"><div class=\"vc_column-inner\"><div class=\"wpb_wrapper\"><div class=\"wpb_text_column\"><div class=\"wpb_wrapper\"><h4><strong><span style=\"color: #277cea;\">Reparaci\u00f3 Mec\u00e0nica<\/span><\/strong><\/h4>\n<p>Coixinets, eixos, guies, etc&#8230;<\/p>\n<div id=\"gtx-trans\" style=\"position: absolute; left: -46px; top: -18px;\">\n<div class=\"gtx-trans-icon\"><\/div>\n<\/div>\n<\/div><\/div><\/div><\/div><\/div><div class=\"vc_col-sm-4 wpb_column vc_column_container us_animate_afb\"><div class=\"vc_column-inner\"><div class=\"wpb_wrapper\"><div class=\"wpb_text_column\"><div class=\"wpb_wrapper\"><h4><strong><span style=\"color: #277cea;\">Pneum\u00e0tica<\/span><\/strong><\/h4>\n<p>Electrov\u00e0lvules, pistons, sistemes de buit, etc&#8230;<\/p>\n<div id=\"gtx-trans\" style=\"position: absolute; left: 98px; top: -18px;\">\n<div class=\"gtx-trans-icon\"><\/div>\n<\/div>\n<\/div><\/div><\/div><\/div><\/div><div class=\"vc_col-sm-4 wpb_column vc_column_container us_animate_afb\"><div class=\"vc_column-inner\"><div class=\"wpb_wrapper\"><div class=\"wpb_text_column\"><div class=\"wpb_wrapper\"><h4><strong><span style=\"color: #277cea;\">Hidr\u00e0ulica<\/span><\/strong><\/h4>\n<p>Latiguillos, pistons, ret\u00e8ns, etc&#8230;<\/p>\n<div id=\"gtx-trans\" style=\"position: absolute; left: 102px; top: -18px;\">\n<div class=\"gtx-trans-icon\"><\/div>\n<\/div>\n<\/div><\/div><\/div><\/div><\/div><\/div><div class=\"w-separator size_medium with_line width_30 thick_1 style_solid color_border align_center with_content\"><div class=\"w-separator-h\"><i class=\"fas fa-chevron-down\"><\/i><\/div><\/div><div class=\"g-cols wpb_row via_flex valign_top type_default stacking_default\"><div class=\"vc_col-sm-4 wpb_column vc_column_container us_animate_afb\"><div class=\"vc_column-inner\"><div class=\"wpb_wrapper\"><div class=\"wpb_text_column\"><div class=\"wpb_wrapper\"><h4><strong><span style=\"color: #277cea;\">Manteniment<\/span><\/strong><\/h4>\n<p>Engrassat, canvis d&#8217;olis, filtres, etc&#8230;<\/p>\n<div id=\"gtx-trans\" style=\"position: absolute; left: -28px; top: 77px;\">\n<div class=\"gtx-trans-icon\"><\/div>\n<\/div>\n<\/div><\/div><\/div><\/div><\/div><div class=\"vc_col-sm-4 wpb_column vc_column_container us_animate_afb\"><div class=\"vc_column-inner\"><div class=\"wpb_wrapper\"><div class=\"wpb_text_column\"><div class=\"wpb_wrapper\"><h4><strong><span style=\"color: #277cea;\">Soldadura<\/span><\/strong><\/h4>\n<p>Ferro, acer, inoxidable, baranes, reixes, etc&#8230;<\/p>\n<div id=\"gtx-trans\" style=\"position: absolute; left: 287px; top: 77px;\">\n<div class=\"gtx-trans-icon\"><\/div>\n<\/div>\n<\/div><\/div><\/div><\/div><\/div><div class=\"vc_col-sm-4 wpb_column vc_column_container\"><div class=\"vc_column-inner\"><div class=\"wpb_wrapper\"><div class=\"wpb_text_column\"><div class=\"wpb_wrapper\"><h4><strong><span style=\"color: #277cea;\">Assist\u00e8ncia 24\/7<\/span><\/strong><\/h4>\n<p>Servei d&#8217;urg\u00e8ncies 24 hores<\/p>\n<div id=\"gtx-trans\" style=\"position: absolute; left: -13px; top: 77px;\">\n<div class=\"gtx-trans-icon\"><\/div>\n<\/div>\n<\/div><\/div><\/div><\/div><\/div><\/div><div class=\"w-separator size_medium with_line width_30 thick_1 style_solid color_border align_center with_content\"><div class=\"w-separator-h\"><i class=\"fas fa-chevron-down\"><\/i><\/div><\/div><\/div><\/div><\/div><\/div><\/div><\/section><section class=\"l-section wpb_row us_custom_f37aca33 height_huge color_alternate with_img parallax_ver\"><div class=\"l-section-img\" role=\"img\" aria-label=\"Imatge\" data-img-width=\"1600\" data-img-height=\"900\" style=\"background-image: url(https:\/\/ibanan.es\/wp-content\/uploads\/2015\/04\/IBANANsoldadura.jpg);\"><\/div><div class=\"l-section-overlay\" style=\"background:rgba(10,8,8,0.6)\"><\/div><div class=\"l-section-h i-cf\"><div class=\"g-cols vc_row via_flex valign_top type_default stacking_default\"><div class=\"vc_col-sm-12 wpb_column vc_column_container align_center us_animate_afb\"><div class=\"vc_column-inner\"><div class=\"wpb_wrapper\"><div class=\"wpb_text_column\"><div class=\"wpb_wrapper\"><\/div><\/div><div class=\"w-separator size_medium\"><\/div><\/div><\/div><\/div><\/div><\/div><\/section><section class=\"l-section wpb_row height_medium color_alternate\" id=\"contacte\"><div class=\"l-section-h i-cf\"><div class=\"g-cols vc_row via_flex valign_top type_default stacking_default\"><div class=\"vc_col-sm-12 wpb_column vc_column_container\"><div class=\"vc_column-inner\"><div class=\"wpb_wrapper\"><div class=\"wpb_text_column\"><div class=\"wpb_wrapper\"><h2 style=\"text-align: center;\"><strong>CONTACTA\u00a0<\/strong><strong><span class=\"highlight highlight_primary\">amb nosaltres<\/span><\/strong><\/h2>\n<\/div><\/div><div class=\"w-separator size_medium with_line width_default thick_1 style_solid color_border align_center\"><div class=\"w-separator-h\"><\/div><\/div><div class=\"wpb_text_column\"><div class=\"wpb_wrapper\"><h3 style=\"text-align: center;\"><a href=\"mailto:info@ibanan.es\">info@ibanan.es<\/a><br \/>\n<a href=\"tel:622558727\">Tel. 662 558 727<\/a><\/h3>\n<\/div><\/div><div class=\"w-separator size_medium with_line width_default thick_1 style_solid color_border align_center\"><div class=\"w-separator-h\"><\/div><\/div><div class=\"w-socials us_custom_a5c88937 align_center color_brand shape_square style_default hover_fade\"><div class=\"w-socials-list\"><div class=\"w-socials-item facebook\"><a target=\"_blank\" rel=\"nofollow\" href=\"https:\/\/www.facebook.com\/pg\/Ibanan-489928324725181\" class=\"w-socials-item-link\" aria-label=\"Facebook\"><span class=\"w-socials-item-link-hover\"><\/span><i class=\"fab fa-facebook\"><\/i><\/a><div class=\"w-socials-item-popup\"><span>Facebook<\/span><\/div><\/div><\/div><\/div><\/div><\/div><\/div><\/div><\/div><\/section>\n","protected":false},"excerpt":{"rendered":"[vc_custom_heading text=\"Reparaci\u00f3 i Manteniment industrial\" font_container=\"tag:h3|font_size:3rem|text_align:center|line_height:1.1\" use_theme_fonts=\"yes\" css=\"%7B%22default%22%3A%7B%22font-size%22%3A%223rem%22%2C%22line-height%22%3A%221.1%22%7D%7D\"]Presentaci\u00f3ServeisContacteM\u00e9s de 15 anys d&#8217;experi\u00e8ncia en el sector de la Reparaci\u00f3 i Manteniment Industrial Reparaci\u00f3 Industrial Oferim als nostres clients un servei integral, amb la m\u00e0xima qualitat i en el menor temps possible d&#8217;execuci\u00f3. Aix\u00ed els costos de l&#8217;improductivitat derivats de l&#8217;avaria seran els m\u00ednims. Manteniment Preventiu Servei...","protected":false},"author":1,"featured_media":0,"parent":2,"menu_order":0,"comment_status":"closed","ping_status":"closed","template":"","meta":{"footnotes":""},"class_list":["post-5","page","type-page","status-publish","hentry"],"yoast_head":"<!-- This site is optimized with the Yoast SEO plugin v27.4 - https:\/\/yoast.com\/product\/yoast-seo-wordpress\/ -->\n<title>Home - IBANAN<\/title>\n<meta name=\"robots\" content=\"index, follow, max-snippet:-1, max-image-preview:large, max-video-preview:-1\" \/>\n<link rel=\"canonical\" href=\"https:\/\/ibanan.es\/\" \/>\n<meta property=\"og:locale\" content=\"ca_ES\" \/>\n<meta property=\"og:type\" content=\"article\" \/>\n<meta property=\"og:title\" content=\"Home - IBANAN\" \/>\n<meta property=\"og:url\" content=\"https:\/\/ibanan.es\/\" \/>\n<meta property=\"og:site_name\" content=\"IBANAN\" \/>\n<meta property=\"article:modified_time\" content=\"2021-02-01T18:35:42+00:00\" \/>\n<meta name=\"twitter:card\" content=\"summary_large_image\" \/>\n<meta name=\"twitter:label1\" content=\"Temps estimat de lectura\" \/>\n\t<meta name=\"twitter:data1\" content=\"4 minuts\" \/>\n<script type=\"application\/ld+json\" class=\"yoast-schema-graph\">{\"@context\":\"https:\\\/\\\/schema.org\",\"@graph\":[{\"@type\":\"WebPage\",\"@id\":\"https:\\\/\\\/ibanan.es\\\/\",\"url\":\"https:\\\/\\\/ibanan.es\\\/\",\"name\":\"Home - IBANAN\",\"isPartOf\":{\"@id\":\"https:\\\/\\\/ibanan.es\\\/#website\"},\"datePublished\":\"2015-04-14T17:26:12+00:00\",\"dateModified\":\"2021-02-01T18:35:42+00:00\",\"breadcrumb\":{\"@id\":\"https:\\\/\\\/ibanan.es\\\/#breadcrumb\"},\"inLanguage\":\"ca\",\"potentialAction\":[{\"@type\":\"ReadAction\",\"target\":[\"https:\\\/\\\/ibanan.es\\\/\"]}]},{\"@type\":\"BreadcrumbList\",\"@id\":\"https:\\\/\\\/ibanan.es\\\/#breadcrumb\",\"itemListElement\":[{\"@type\":\"ListItem\",\"position\":1,\"name\":\"Inici\",\"item\":\"https:\\\/\\\/ibanan.es\\\/\"},{\"@type\":\"ListItem\",\"position\":2,\"name\":\"Sample Page\",\"item\":\"https:\\\/\\\/ibanan.es\\\/?page_id=2\"},{\"@type\":\"ListItem\",\"position\":3,\"name\":\"Home\"}]},{\"@type\":\"WebSite\",\"@id\":\"https:\\\/\\\/ibanan.es\\\/#website\",\"url\":\"https:\\\/\\\/ibanan.es\\\/\",\"name\":\"IBANAN\",\"description\":\"Reparaci\u00f3 i Mateniment industrial\",\"potentialAction\":[{\"@type\":\"SearchAction\",\"target\":{\"@type\":\"EntryPoint\",\"urlTemplate\":\"https:\\\/\\\/ibanan.es\\\/?s={search_term_string}\"},\"query-input\":{\"@type\":\"PropertyValueSpecification\",\"valueRequired\":true,\"valueName\":\"search_term_string\"}}],\"inLanguage\":\"ca\"}]}<\/script>\n<!-- \/ Yoast SEO plugin. -->","yoast_head_json":{"title":"Home - IBANAN","robots":{"index":"index","follow":"follow","max-snippet":"max-snippet:-1","max-image-preview":"max-image-preview:large","max-video-preview":"max-video-preview:-1"},"canonical":"https:\/\/ibanan.es\/","og_locale":"ca_ES","og_type":"article","og_title":"Home - IBANAN","og_url":"https:\/\/ibanan.es\/","og_site_name":"IBANAN","article_modified_time":"2021-02-01T18:35:42+00:00","twitter_card":"summary_large_image","twitter_misc":{"Temps estimat de lectura":"4 minuts"},"schema":{"@context":"https:\/\/schema.org","@graph":[{"@type":"WebPage","@id":"https:\/\/ibanan.es\/","url":"https:\/\/ibanan.es\/","name":"Home - IBANAN","isPartOf":{"@id":"https:\/\/ibanan.es\/#website"},"datePublished":"2015-04-14T17:26:12+00:00","dateModified":"2021-02-01T18:35:42+00:00","breadcrumb":{"@id":"https:\/\/ibanan.es\/#breadcrumb"},"inLanguage":"ca","potentialAction":[{"@type":"ReadAction","target":["https:\/\/ibanan.es\/"]}]},{"@type":"BreadcrumbList","@id":"https:\/\/ibanan.es\/#breadcrumb","itemListElement":[{"@type":"ListItem","position":1,"name":"Inici","item":"https:\/\/ibanan.es\/"},{"@type":"ListItem","position":2,"name":"Sample Page","item":"https:\/\/ibanan.es\/?page_id=2"},{"@type":"ListItem","position":3,"name":"Home"}]},{"@type":"WebSite","@id":"https:\/\/ibanan.es\/#website","url":"https:\/\/ibanan.es\/","name":"IBANAN","description":"Reparaci\u00f3 i Mateniment industrial","potentialAction":[{"@type":"SearchAction","target":{"@type":"EntryPoint","urlTemplate":"https:\/\/ibanan.es\/?s={search_term_string}"},"query-input":{"@type":"PropertyValueSpecification","valueRequired":true,"valueName":"search_term_string"}}],"inLanguage":"ca"}]}},"_links":{"self":[{"href":"https:\/\/ibanan.es\/index.php?rest_route=\/wp\/v2\/pages\/5","targetHints":{"allow":["GET"]}}],"collection":[{"href":"https:\/\/ibanan.es\/index.php?rest_route=\/wp\/v2\/pages"}],"about":[{"href":"https:\/\/ibanan.es\/index.php?rest_route=\/wp\/v2\/types\/page"}],"author":[{"embeddable":true,"href":"https:\/\/ibanan.es\/index.php?rest_route=\/wp\/v2\/users\/1"}],"replies":[{"embeddable":true,"href":"https:\/\/ibanan.es\/index.php?rest_route=%2Fwp%2Fv2%2Fcomments&post=5"}],"version-history":[{"count":131,"href":"https:\/\/ibanan.es\/index.php?rest_route=\/wp\/v2\/pages\/5\/revisions"}],"predecessor-version":[{"id":1238,"href":"https:\/\/ibanan.es\/index.php?rest_route=\/wp\/v2\/pages\/5\/revisions\/1238"}],"up":[{"embeddable":true,"href":"https:\/\/ibanan.es\/index.php?rest_route=\/wp\/v2\/pages\/2"}],"wp:attachment":[{"href":"https:\/\/ibanan.es\/index.php?rest_route=%2Fwp%2Fv2%2Fmedia&parent=5"}],"curies":[{"name":"wp","href":"https:\/\/api.w.org\/{rel}","templated":true}]}}